{"id":10,"date":"2021-01-14T13:13:53","date_gmt":"2021-01-14T12:13:53","guid":{"rendered":"https:\/\/homealonecinema.wordpress.com\/?page_id=6"},"modified":"2021-04-01T16:40:43","modified_gmt":"2021-04-01T14:40:43","slug":"home","status":"publish","type":"page","link":"https:\/\/homealonecinema.fr\/?page_id=10","title":{"rendered":"Accueil"},"content":{"rendered":"\n<div class=\"wp-block-cover has-background-dim\"><img loading=\"lazy\" width=\"1024\" height=\"341\" class=\"wp-block-cover__image-background wp-image-89\" alt=\"\" src=\"http:\/\/homealonecinema.fr\/wp-content\/uploads\/2021\/04\/HOME-ALONE-COUVERTURE-TWITTER-2-1024x341.png\" data-object-fit=\"cover\" srcset=\"https:\/\/homealonecinema.fr\/wp-content\/uploads\/2021\/04\/HOME-ALONE-COUVERTURE-TWITTER-2-1024x341.png 1024w, https:\/\/homealonecinema.fr\/wp-content\/uploads\/2021\/04\/HOME-ALONE-COUVERTURE-TWITTER-2-300x100.png 300w, https:\/\/homealonecinema.fr\/wp-content\/uploads\/2021\/04\/HOME-ALONE-COUVERTURE-TWITTER-2-768x256.png 768w, https:\/\/homealonecinema.fr\/wp-content\/uploads\/2021\/04\/HOME-ALONE-COUVERTURE-TWITTER-2-1080x360.png 1080w, https:\/\/homealonecinema.fr\/wp-content\/uploads\/2021\/04\/HOME-ALONE-COUVERTURE-TWITTER-2-1280x427.png 1280w, https:\/\/homealonecinema.fr\/wp-content\/uploads\/2021\/04\/HOME-ALONE-COUVERTURE-TWITTER-2-980x327.png 980w, https:\/\/homealonecinema.fr\/wp-content\/uploads\/2021\/04\/HOME-ALONE-COUVERTURE-TWITTER-2-480x160.png 480w, https:\/\/homealonecinema.fr\/wp-content\/uploads\/2021\/04\/HOME-ALONE-COUVERTURE-TWITTER-2.png 1500w\" sizes=\"(max-width: 1024px) 100vw, 1024px\" \/><div class=\"wp-block-cover__inner-container\">\n<p class=\"has-large-font-size\"><\/p>\n<\/div><\/div>\n\n\n\n<p>Chaque mois, rien que pour vous, Cl\u00e9ment et Jean d\u00e9cortiquent l&rsquo;actualit\u00e9 du streaming, des sorties DVDs, vous aident \u00e0 trouver le film qui colle \u00e0 votre humeur du moment, discutent du monde d&rsquo;hier de demain, et pour finir, vous offrent m\u00eame un ptit coup pour la route !<\/p>\n\n\n\n<div class=\"wp-block-group alignfull has-background-background-color has-background\"><div class=\"wp-block-group__inner-container\">\n<div class=\"wp-block-jetpack-layout-grid alignfull column1-desktop-grid__span-12 column1-desktop-grid__row-1 column1-tablet-grid__span-8 column1-tablet-grid__row-1 column1-mobile-grid__span-4 column1-mobile-grid__row-1\">\n<div class=\"wp-block-jetpack-layout-grid-column wp-block-jetpack-layout-grid__padding-none\">\n<h4>Articles r\u00e9cents<\/h4>\n<\/div>\n<\/div>\n<\/div><\/div>\n\n\n\n<div class=\"wp-block-group alignfull has-foreground-dark-background-color has-background\"><div class=\"wp-block-group__inner-container\"><\/div><\/div>\n","protected":false},"excerpt":{"rendered":"<p>Chaque mois, rien que pour vous, Cl\u00e9ment et Jean d\u00e9cortiquent l&rsquo;actualit\u00e9 du streaming, des sorties DVDs, vous aident \u00e0 trouver le film qui colle \u00e0 votre humeur du&#8230;<\/p>\n","protected":false},"author":2,"featured_media":0,"parent":0,"menu_order":1,"comment_status":"closed","ping_status":"closed","template":"","meta":[],"_links":{"self":[{"href":"https:\/\/homealonecinema.fr\/index.php?rest_route=\/wp\/v2\/pages\/10"}],"collection":[{"href":"https:\/\/homealonecinema.fr\/index.php?rest_route=\/wp\/v2\/pages"}],"about":[{"href":"https:\/\/homealonecinema.fr\/index.php?rest_route=\/wp\/v2\/types\/page"}],"author":[{"embeddable":true,"href":"https:\/\/homealonecinema.fr\/index.php?rest_route=\/wp\/v2\/users\/2"}],"replies":[{"embeddable":true,"href":"https:\/\/homealonecinema.fr\/index.php?rest_route=%2Fwp%2Fv2%2Fcomments&post=10"}],"version-history":[{"count":8,"href":"https:\/\/homealonecinema.fr\/index.php?rest_route=\/wp\/v2\/pages\/10\/revisions"}],"predecessor-version":[{"id":100,"href":"https:\/\/homealonecinema.fr\/index.php?rest_route=\/wp\/v2\/pages\/10\/revisions\/100"}],"wp:attachment":[{"href":"https:\/\/homealonecinema.fr\/index.php?rest_route=%2Fwp%2Fv2%2Fmedia&parent=10"}],"curies":[{"name":"wp","href":"https:\/\/api.w.org\/{rel}","templated":true}]}}