{"id":11,"date":"2021-01-14T13:13:52","date_gmt":"2021-01-14T12:13:52","guid":{"rendered":"https:\/\/homealonecinema.wordpress.com\/?page_id=7"},"modified":"2021-01-14T13:13:52","modified_gmt":"2021-01-14T12:13:52","slug":"blog","status":"publish","type":"page","link":"https:\/\/homealonecinema.fr\/?page_id=11","title":{"rendered":"Blog"},"content":{"rendered":"\n<div class=\"wp-block-cover alignfull has-background-dim-10 has-background-dim\" style=\"background-image:url('https:\/\/homealonecinema.files.wordpress.com\/2021\/01\/qi-bin-w4hbafegiac-unsplash.jpg');\"><div class=\"wp-block-cover__inner-container\"><\/div><\/div>\n\n\n\n<div style=\"height:64px;\" aria-hidden=\"true\" class=\"wp-block-spacer desktop-only\"><\/div>\n\n\n\n\n\n<hr class=\"wp-block-separator is-style-wide\" \/>\n\n\n\n<h3 class=\"has-text-align-left\">Abonnez-vous \u00e0 mon blog<\/h3>\n\n\n\n<p class=\"has-text-align-left\">Recevez directement le nouveau contenu dans votre bo\u00eete de r\u00e9ception.<\/p>\n\n\n\n<div class=\"wp-block-jetpack-subscriptions\">[jetpack_subscription_form show_only_email_and_button=\u00a0\u00bbtrue\u00a0\u00bb custom_background_button_color=\u00a0\u00bbundefined\u00a0\u00bb custom_text_button_color=\u00a0\u00bbundefined\u00a0\u00bb submit_button_text=\u00a0\u00bbSouscrire\u00a0\u00bb submit_button_classes=\u00a0\u00bbundefined\u00a0\u00bb show_subscribers_total=\u00a0\u00bbfalse\u00a0\u00bb ]<\/div>\n","protected":false},"excerpt":{"rendered":"<p>Abonnez-vous \u00e0 mon blog Recevez directement le nouveau contenu dans votre bo\u00eete de r\u00e9ception.<\/p>\n","protected":false},"author":2,"featured_media":0,"parent":0,"menu_order":0,"comment_status":"closed","ping_status":"closed","template":"","meta":[],"_links":{"self":[{"href":"https:\/\/homealonecinema.fr\/index.php?rest_route=\/wp\/v2\/pages\/11"}],"collection":[{"href":"https:\/\/homealonecinema.fr\/index.php?rest_route=\/wp\/v2\/pages"}],"about":[{"href":"https:\/\/homealonecinema.fr\/index.php?rest_route=\/wp\/v2\/types\/page"}],"author":[{"embeddable":true,"href":"https:\/\/homealonecinema.fr\/index.php?rest_route=\/wp\/v2\/users\/2"}],"replies":[{"embeddable":true,"href":"https:\/\/homealonecinema.fr\/index.php?rest_route=%2Fwp%2Fv2%2Fcomments&post=11"}],"version-history":[{"count":0,"href":"https:\/\/homealonecinema.fr\/index.php?rest_route=\/wp\/v2\/pages\/11\/revisions"}],"wp:attachment":[{"href":"https:\/\/homealonecinema.fr\/index.php?rest_route=%2Fwp%2Fv2%2Fmedia&parent=11"}],"curies":[{"name":"wp","href":"https:\/\/api.w.org\/{rel}","templated":true}]}}